{"id":3983,"date":"2022-03-13T22:00:52","date_gmt":"2022-03-13T22:00:52","guid":{"rendered":"https:\/\/tanavatantsijad.ee\/members\/"},"modified":"2024-10-25T09:36:16","modified_gmt":"2024-10-25T09:36:16","slug":"members","status":"publish","type":"page","link":"https:\/\/tanavatantsijad.ee\/en\/members\/","title":{"rendered":"Members"},"content":{"rendered":"\t\t<div data-elementor-type=\"wp-page\" data-elementor-id=\"3983\" class=\"elementor elementor-3983 elementor-201\" data-elementor-post-type=\"page\">\n\t\t\t\t\t\t<section class=\"elementor-section elementor-top-section elementor-element elementor-element-ae2d63b elementor-section-boxed elementor-section-height-default elementor-section-height-default\" data-id=\"ae2d63b\" data-element_type=\"section\" data-settings=\"{&quot;background_background&quot;:&quot;classic&quot;}\">\n\t\t\t\t\t\t\t<div class=\"elementor-background-overlay\"><\/div>\n\t\t\t\t\t\t\t<div class=\"elementor-container elementor-column-gap-default\">\n\t\t\t\t\t<div class=\"elementor-column elementor-col-100 elementor-top-column elementor-element elementor-element-b978811\" data-id=\"b978811\" data-element_type=\"column\">\n\t\t\t<div class=\"elementor-widget-wrap elementor-element-populated\">\n\t\t\t\t\t\t<div class=\"elementor-element elementor-element-5e75cc9 elementor-invisible elementor-widget elementor-widget-heading\" data-id=\"5e75cc9\" data-element_type=\"widget\" data-settings=\"{&quot;_animation&quot;:&quot;fadeInDown&quot;}\" data-widget_type=\"heading.default\">\n\t\t\t\t<div class=\"elementor-widget-container\">\n\t\t\t\t\t<h1 class=\"elementor-heading-title elementor-size-default\">Our members<\/h1>\t\t\t\t<\/div>\n\t\t\t\t<\/div>\n\t\t\t\t\t<\/div>\n\t\t<\/div>\n\t\t\t\t\t<\/div>\n\t\t<\/section>\n\t\t\t\t<section class=\"elementor-section elementor-top-section elementor-element elementor-element-af5251f elementor-reverse-tablet elementor-reverse-mobile elementor-section-boxed elementor-section-height-default elementor-section-height-default\" data-id=\"af5251f\" data-element_type=\"section\" data-settings=\"{&quot;background_background&quot;:&quot;classic&quot;}\">\n\t\t\t\t\t\t<div class=\"elementor-container elementor-column-gap-no\">\n\t\t\t\t\t<div class=\"elementor-column elementor-col-33 elementor-top-column elementor-element elementor-element-b459b14 elementor-invisible\" data-id=\"b459b14\" data-element_type=\"column\" data-settings=\"{&quot;animation&quot;:&quot;fadeIn&quot;}\">\n\t\t\t<div class=\"elementor-widget-wrap elementor-element-populated\">\n\t\t\t\t\t\t<div class=\"elementor-element elementor-element-b089eb5 elementor-widget elementor-widget-image\" data-id=\"b089eb5\" data-element_type=\"widget\" data-settings=\"{&quot;motion_fx_motion_fx_mouse&quot;:&quot;yes&quot;,&quot;motion_fx_tilt_effect&quot;:&quot;yes&quot;,&quot;motion_fx_tilt_speed&quot;:{&quot;unit&quot;:&quot;px&quot;,&quot;size&quot;:1.1,&quot;sizes&quot;:[]}}\" data-widget_type=\"image.default\">\n\t\t\t\t<div class=\"elementor-widget-container\">\n\t\t\t\t\t\t\t\t\t\t\t\t\t\t\t<img fetchpriority=\"high\" decoding=\"async\" width=\"800\" height=\"534\" src=\"https:\/\/tanavatantsijad.ee\/wp-content\/uploads\/2022\/05\/DSCF7537-1024x683.jpg\" class=\"attachment-large size-large wp-image-2861\" alt=\"\" srcset=\"https:\/\/tanavatantsijad.ee\/wp-content\/uploads\/2022\/05\/DSCF7537-1024x683.jpg 1024w, https:\/\/tanavatantsijad.ee\/wp-content\/uploads\/2022\/05\/DSCF7537-300x200.jpg 300w, https:\/\/tanavatantsijad.ee\/wp-content\/uploads\/2022\/05\/DSCF7537-768x512.jpg 768w, https:\/\/tanavatantsijad.ee\/wp-content\/uploads\/2022\/05\/DSCF7537-1536x1024.jpg 1536w, https:\/\/tanavatantsijad.ee\/wp-content\/uploads\/2022\/05\/DSCF7537-2048x1365.jpg 2048w\" sizes=\"(max-width: 800px) 100vw, 800px\" \/>\t\t\t\t\t\t\t\t\t\t\t\t\t\t\t<\/div>\n\t\t\t\t<\/div>\n\t\t\t\t\t<\/div>\n\t\t<\/div>\n\t\t\t\t<div class=\"elementor-column elementor-col-33 elementor-top-column elementor-element elementor-element-a0a9d54\" data-id=\"a0a9d54\" data-element_type=\"column\">\n\t\t\t<div class=\"elementor-widget-wrap\">\n\t\t\t\t\t\t\t<\/div>\n\t\t<\/div>\n\t\t\t\t<div class=\"elementor-column elementor-col-33 elementor-top-column elementor-element elementor-element-06a84e2 elementor-invisible\" data-id=\"06a84e2\" data-element_type=\"column\" data-settings=\"{&quot;animation&quot;:&quot;fadeIn&quot;}\">\n\t\t\t<div class=\"elementor-widget-wrap elementor-element-populated\">\n\t\t\t\t\t\t<div class=\"elementor-element elementor-element-6819b74 premium-table-dir-ltr elementor-widget elementor-widget-premium-tables-addon\" data-id=\"6819b74\" data-element_type=\"widget\" data-settings=\"{&quot;premium_table_sort&quot;:&quot;yes&quot;,&quot;premium_table_sort_mob&quot;:&quot;yes&quot;,&quot;premium_table_search&quot;:&quot;yes&quot;}\" data-widget_type=\"premium-tables-addon.default\">\n\t\t\t\t<div class=\"elementor-widget-container\">\n\t\t\t\t\t\n\t\t<div class=\"premium-table-wrap\">\n\t\t\t\t\t\t\t<div class=\"premium-table-filter\">\n\t\t\t\t\t\t\t\t\t\t\t<div class=\"premium-table-search-wrap\">\n\t\t\t\t\t\t\t<input class=\"premium-table-search-field\" type=\"text\" placeholder=\"Search...\">\n\t\t\t\t\t\t<\/div>\n\t\t\t\t\t\t\t\t\t\t\t\t\t\t<\/div>\n\t\t\t\n\t\t\t<table class=\"premium-table premium-table-search premium-table-sort\" data-settings=\"{&quot;sort&quot;:true,&quot;usNumbers&quot;:false,&quot;sortMob&quot;:true,&quot;search&quot;:true,&quot;records&quot;:false,&quot;dataType&quot;:&quot;custom&quot;,&quot;csvFile&quot;:null,&quot;firstRow&quot;:null,&quot;separator&quot;:null,&quot;pagination&quot;:&quot;yes&quot;,&quot;rows&quot;:10}\" >\n\n\t\t\t\n\t\t<thead class=\"premium-table-head\">\n\n\t\t\t<tr class=\"premium-table-row\">\n\n\t\t\t\t<th class=\"premium-table-cell elementor-repeater-item-dedb8ea\"><span class=\"premium-table-text\"><span class=\"premium-table-cell-icon-before\"><i class=\"fa fa-user\"><\/i><\/span>Member<span class=\"premium-table-sort-icon premium-icon-sort fa fa-sort\"><\/span><span class=\"premium-table-sort-icon premium-icon-sort-up fa fa-sort-up\"><\/span><span class=\"premium-table-sort-icon premium-icon-sort-down fa fa-sort-down\"><\/span><\/span><\/th>\n\t\t\t<\/tr>\n\n\t\t<\/thead>\n\n\t\t\t\t<tbody class=\"premium-table-body\">\n\t\t\t\t\t\t<tr class=\"premium-table-row elementor-repeater-item-ed61156\"><td class=\"premium-table-cell elementor-repeater-item-faf527a\"><span class=\"premium-table-text\">Annely K\u00f5rvel<\/span><\/td><\/tr><tr class=\"premium-table-row elementor-repeater-item-9c8cf39\"><td class=\"premium-table-cell elementor-repeater-item-95ed313\"><span class=\"premium-table-text\">Birgit K\u00e4sper<\/span><\/td><\/tr><tr class=\"premium-table-row elementor-repeater-item-387c466\"><td class=\"premium-table-cell elementor-repeater-item-45c7019\"><span class=\"premium-table-text\">Kairi Jerlov<\/span><\/td><\/tr><tr class=\"premium-table-row elementor-repeater-item-7af8aff\"><td class=\"premium-table-cell elementor-repeater-item-6724bde\"><span class=\"premium-table-text\">Brita Kikas<\/span><\/td><\/tr><tr class=\"premium-table-row elementor-repeater-item-f9fd332\"><td class=\"premium-table-cell elementor-repeater-item-2843c82\"><span class=\"premium-table-text\">Janeli Kunnberg<\/span><\/td><\/tr><tr class=\"premium-table-row elementor-repeater-item-393379d\"><td class=\"premium-table-cell elementor-repeater-item-32a4c7e\"><span class=\"premium-table-text\">Joel Driver<\/span><\/td><\/tr><tr class=\"premium-table-row elementor-repeater-item-7afe58e\"><td class=\"premium-table-cell elementor-repeater-item-d201333\"><span class=\"premium-table-text\">Jessica Lainde<\/span><\/td><\/tr><tr class=\"premium-table-row elementor-repeater-item-fa912c1\"><td class=\"premium-table-cell elementor-repeater-item-b88a9e8\"><span class=\"premium-table-text\">Mari Venski<\/span><\/td><\/tr><tr class=\"premium-table-row elementor-repeater-item-cdd33a3\"><td class=\"premium-table-cell elementor-repeater-item-26178f8\"><span class=\"premium-table-text\">Tauri Vosman<\/span><\/td><\/tr><tr class=\"premium-table-row elementor-repeater-item-f9c1962\"><td class=\"premium-table-cell elementor-repeater-item-7988b29\"><span class=\"premium-table-text\">Markus T\u00f5nissaar<\/span><\/td><\/tr><tr class=\"premium-table-row elementor-repeater-item-c9bc55b\"><td class=\"premium-table-cell elementor-repeater-item-09ecd1b\"><span class=\"premium-table-text\">Peter Taim<\/span><\/td><\/tr><tr class=\"premium-table-row elementor-repeater-item-5e30def\"><td class=\"premium-table-cell elementor-repeater-item-2fd0815\"><span class=\"premium-table-text\">Lenel Karu<\/span><\/td><\/tr><tr class=\"premium-table-row elementor-repeater-item-2ac54db\"><td class=\"premium-table-cell elementor-repeater-item-4d5f339\"><span class=\"premium-table-text\">Kirill Sharyi<\/span><\/td>\t\t\t<\/tr>\n\t\t<\/tbody>\n\n\t\t\n\t\t\t<\/table>\n\t\t<\/div>\n\t\t\t\t\t<div class=\"premium-table-pagination\">\n\t\t\t\t<ul class=\"premium-table-pagination-list page-numbers\">\n\t\t\t\t\t<li><a href=\"#\" class=\"page-numbers prev\" data-page=\"0\">&laquo;<\/a><\/li>\n\t\t\t\t\t<li><a href=\"#\" class=\"page-numbers next\" data-page=\"last\">&raquo;<\/a><\/li>\n\t\t\t\t<\/ul>\n\t\t\t<\/div>\n\n\t\t\t\t\t\t\t<\/div>\n\t\t\t\t<\/div>\n\t\t\t\t\t<\/div>\n\t\t<\/div>\n\t\t\t\t\t<\/div>\n\t\t<\/section>\n\t\t\t\t<\/div>\n\t\t","protected":false},"excerpt":{"rendered":"<p>Our members Member Annely K\u00f5rvel Birgit K\u00e4sper Kairi Jerlov Brita Kikas Janeli Kunnberg Joel Driver Jessica Lainde Mari Venski Tauri Vosman Markus T\u00f5nissaar Peter Taim Lenel Karu Kirill Sharyi &laquo; &raquo;<\/p>\n","protected":false},"author":2,"featured_media":0,"parent":0,"menu_order":0,"comment_status":"closed","ping_status":"closed","template":"elementor_header_footer","meta":{"footnotes":""},"class_list":["post-3983","page","type-page","status-publish","hentry"],"yoast_head":"<!-- This site is optimized with the Yoast SEO plugin v26.1.1 - https:\/\/yoast.com\/wordpress\/plugins\/seo\/ -->\n<title>Members - Eesti T\u00e4navatantsijate Liit<\/title>\n<meta name=\"description\" content=\"Meet the T\u00e4navatantsijad.ee members \u2013 talented dancers and instructors from Estonia&#039;s street dance community. Discover our members and become part of the movement!\" \/>\n<meta name=\"robots\" content=\"index, follow, max-snippet:-1, max-image-preview:large, max-video-preview:-1\" \/>\n<link rel=\"canonical\" href=\"https:\/\/tanavatantsijad.ee\/en\/members\/\" \/>\n<meta property=\"og:locale\" content=\"en_US\" \/>\n<meta property=\"og:type\" content=\"article\" \/>\n<meta property=\"og:title\" content=\"Members - Eesti T\u00e4navatantsijate Liit\" \/>\n<meta property=\"og:description\" content=\"Meet the T\u00e4navatantsijad.ee members \u2013 talented dancers and instructors from Estonia&#039;s street dance community. Discover our members and become part of the movement!\" \/>\n<meta property=\"og:url\" content=\"https:\/\/tanavatantsijad.ee\/en\/members\/\" \/>\n<meta property=\"og:site_name\" content=\"Eesti T\u00e4navatantsijate Liit\" \/>\n<meta property=\"article:modified_time\" content=\"2024-10-25T09:36:16+00:00\" \/>\n<meta property=\"og:image\" content=\"https:\/\/tanavatantsijad.ee\/wp-content\/uploads\/2022\/05\/DSCF7537-1024x683.jpg\" \/>\n<meta name=\"twitter:card\" content=\"summary_large_image\" \/>\n<meta name=\"twitter:label1\" content=\"Est. reading time\" \/>\n\t<meta name=\"twitter:data1\" content=\"1 minute\" \/>\n<script type=\"application\/ld+json\" class=\"yoast-schema-graph\">{\"@context\":\"https:\/\/schema.org\",\"@graph\":[{\"@type\":\"WebPage\",\"@id\":\"https:\/\/tanavatantsijad.ee\/en\/members\/\",\"url\":\"https:\/\/tanavatantsijad.ee\/en\/members\/\",\"name\":\"Members - Eesti T\u00e4navatantsijate Liit\",\"isPartOf\":{\"@id\":\"https:\/\/tanavatantsijad.ee\/en\/#website\"},\"primaryImageOfPage\":{\"@id\":\"https:\/\/tanavatantsijad.ee\/en\/members\/#primaryimage\"},\"image\":{\"@id\":\"https:\/\/tanavatantsijad.ee\/en\/members\/#primaryimage\"},\"thumbnailUrl\":\"https:\/\/tanavatantsijad.ee\/wp-content\/uploads\/2022\/05\/DSCF7537-1024x683.jpg\",\"datePublished\":\"2022-03-13T22:00:52+00:00\",\"dateModified\":\"2024-10-25T09:36:16+00:00\",\"description\":\"Meet the T\u00e4navatantsijad.ee members \u2013 talented dancers and instructors from Estonia's street dance community. Discover our members and become part of the movement!\",\"breadcrumb\":{\"@id\":\"https:\/\/tanavatantsijad.ee\/en\/members\/#breadcrumb\"},\"inLanguage\":\"en-US\",\"potentialAction\":[{\"@type\":\"ReadAction\",\"target\":[\"https:\/\/tanavatantsijad.ee\/en\/members\/\"]}]},{\"@type\":\"ImageObject\",\"inLanguage\":\"en-US\",\"@id\":\"https:\/\/tanavatantsijad.ee\/en\/members\/#primaryimage\",\"url\":\"https:\/\/tanavatantsijad.ee\/wp-content\/uploads\/2022\/05\/DSCF7537-1024x683.jpg\",\"contentUrl\":\"https:\/\/tanavatantsijad.ee\/wp-content\/uploads\/2022\/05\/DSCF7537-1024x683.jpg\"},{\"@type\":\"BreadcrumbList\",\"@id\":\"https:\/\/tanavatantsijad.ee\/en\/members\/#breadcrumb\",\"itemListElement\":[{\"@type\":\"ListItem\",\"position\":1,\"name\":\"Home\",\"item\":\"https:\/\/tanavatantsijad.ee\/en\/\"},{\"@type\":\"ListItem\",\"position\":2,\"name\":\"Members\"}]},{\"@type\":\"WebSite\",\"@id\":\"https:\/\/tanavatantsijad.ee\/en\/#website\",\"url\":\"https:\/\/tanavatantsijad.ee\/en\/\",\"name\":\"Eesti T\u00e4navatantsijate Liit\",\"description\":\"\",\"publisher\":{\"@id\":\"https:\/\/tanavatantsijad.ee\/en\/#organization\"},\"potentialAction\":[{\"@type\":\"SearchAction\",\"target\":{\"@type\":\"EntryPoint\",\"urlTemplate\":\"https:\/\/tanavatantsijad.ee\/en\/?s={search_term_string}\"},\"query-input\":{\"@type\":\"PropertyValueSpecification\",\"valueRequired\":true,\"valueName\":\"search_term_string\"}}],\"inLanguage\":\"en-US\"},{\"@type\":\"Organization\",\"@id\":\"https:\/\/tanavatantsijad.ee\/en\/#organization\",\"name\":\"Eesti T\u00e4navatantsijate Liit\",\"url\":\"https:\/\/tanavatantsijad.ee\/en\/\",\"logo\":{\"@type\":\"ImageObject\",\"inLanguage\":\"en-US\",\"@id\":\"https:\/\/tanavatantsijad.ee\/en\/#\/schema\/logo\/image\/\",\"url\":\"https:\/\/tanavatantsijad.ee\/wp-content\/uploads\/2022\/03\/cropped-tume-inglisekeele-1-e1707727619945.png\",\"contentUrl\":\"https:\/\/tanavatantsijad.ee\/wp-content\/uploads\/2022\/03\/cropped-tume-inglisekeele-1-e1707727619945.png\",\"width\":1619,\"height\":1497,\"caption\":\"Eesti T\u00e4navatantsijate Liit\"},\"image\":{\"@id\":\"https:\/\/tanavatantsijad.ee\/en\/#\/schema\/logo\/image\/\"}}]}<\/script>\n<!-- \/ Yoast SEO plugin. -->","yoast_head_json":{"title":"Members - Eesti T\u00e4navatantsijate Liit","description":"Meet the T\u00e4navatantsijad.ee members \u2013 talented dancers and instructors from Estonia's street dance community. Discover our members and become part of the movement!","robots":{"index":"index","follow":"follow","max-snippet":"max-snippet:-1","max-image-preview":"max-image-preview:large","max-video-preview":"max-video-preview:-1"},"canonical":"https:\/\/tanavatantsijad.ee\/en\/members\/","og_locale":"en_US","og_type":"article","og_title":"Members - Eesti T\u00e4navatantsijate Liit","og_description":"Meet the T\u00e4navatantsijad.ee members \u2013 talented dancers and instructors from Estonia's street dance community. Discover our members and become part of the movement!","og_url":"https:\/\/tanavatantsijad.ee\/en\/members\/","og_site_name":"Eesti T\u00e4navatantsijate Liit","article_modified_time":"2024-10-25T09:36:16+00:00","og_image":[{"url":"https:\/\/tanavatantsijad.ee\/wp-content\/uploads\/2022\/05\/DSCF7537-1024x683.jpg","type":"","width":"","height":""}],"twitter_card":"summary_large_image","twitter_misc":{"Est. reading time":"1 minute"},"schema":{"@context":"https:\/\/schema.org","@graph":[{"@type":"WebPage","@id":"https:\/\/tanavatantsijad.ee\/en\/members\/","url":"https:\/\/tanavatantsijad.ee\/en\/members\/","name":"Members - Eesti T\u00e4navatantsijate Liit","isPartOf":{"@id":"https:\/\/tanavatantsijad.ee\/en\/#website"},"primaryImageOfPage":{"@id":"https:\/\/tanavatantsijad.ee\/en\/members\/#primaryimage"},"image":{"@id":"https:\/\/tanavatantsijad.ee\/en\/members\/#primaryimage"},"thumbnailUrl":"https:\/\/tanavatantsijad.ee\/wp-content\/uploads\/2022\/05\/DSCF7537-1024x683.jpg","datePublished":"2022-03-13T22:00:52+00:00","dateModified":"2024-10-25T09:36:16+00:00","description":"Meet the T\u00e4navatantsijad.ee members \u2013 talented dancers and instructors from Estonia's street dance community. Discover our members and become part of the movement!","breadcrumb":{"@id":"https:\/\/tanavatantsijad.ee\/en\/members\/#breadcrumb"},"inLanguage":"en-US","potentialAction":[{"@type":"ReadAction","target":["https:\/\/tanavatantsijad.ee\/en\/members\/"]}]},{"@type":"ImageObject","inLanguage":"en-US","@id":"https:\/\/tanavatantsijad.ee\/en\/members\/#primaryimage","url":"https:\/\/tanavatantsijad.ee\/wp-content\/uploads\/2022\/05\/DSCF7537-1024x683.jpg","contentUrl":"https:\/\/tanavatantsijad.ee\/wp-content\/uploads\/2022\/05\/DSCF7537-1024x683.jpg"},{"@type":"BreadcrumbList","@id":"https:\/\/tanavatantsijad.ee\/en\/members\/#breadcrumb","itemListElement":[{"@type":"ListItem","position":1,"name":"Home","item":"https:\/\/tanavatantsijad.ee\/en\/"},{"@type":"ListItem","position":2,"name":"Members"}]},{"@type":"WebSite","@id":"https:\/\/tanavatantsijad.ee\/en\/#website","url":"https:\/\/tanavatantsijad.ee\/en\/","name":"Eesti T\u00e4navatantsijate Liit","description":"","publisher":{"@id":"https:\/\/tanavatantsijad.ee\/en\/#organization"},"potentialAction":[{"@type":"SearchAction","target":{"@type":"EntryPoint","urlTemplate":"https:\/\/tanavatantsijad.ee\/en\/?s={search_term_string}"},"query-input":{"@type":"PropertyValueSpecification","valueRequired":true,"valueName":"search_term_string"}}],"inLanguage":"en-US"},{"@type":"Organization","@id":"https:\/\/tanavatantsijad.ee\/en\/#organization","name":"Eesti T\u00e4navatantsijate Liit","url":"https:\/\/tanavatantsijad.ee\/en\/","logo":{"@type":"ImageObject","inLanguage":"en-US","@id":"https:\/\/tanavatantsijad.ee\/en\/#\/schema\/logo\/image\/","url":"https:\/\/tanavatantsijad.ee\/wp-content\/uploads\/2022\/03\/cropped-tume-inglisekeele-1-e1707727619945.png","contentUrl":"https:\/\/tanavatantsijad.ee\/wp-content\/uploads\/2022\/03\/cropped-tume-inglisekeele-1-e1707727619945.png","width":1619,"height":1497,"caption":"Eesti T\u00e4navatantsijate Liit"},"image":{"@id":"https:\/\/tanavatantsijad.ee\/en\/#\/schema\/logo\/image\/"}}]}},"_links":{"self":[{"href":"https:\/\/tanavatantsijad.ee\/en\/wp-json\/wp\/v2\/pages\/3983","targetHints":{"allow":["GET"]}}],"collection":[{"href":"https:\/\/tanavatantsijad.ee\/en\/wp-json\/wp\/v2\/pages"}],"about":[{"href":"https:\/\/tanavatantsijad.ee\/en\/wp-json\/wp\/v2\/types\/page"}],"author":[{"embeddable":true,"href":"https:\/\/tanavatantsijad.ee\/en\/wp-json\/wp\/v2\/users\/2"}],"replies":[{"embeddable":true,"href":"https:\/\/tanavatantsijad.ee\/en\/wp-json\/wp\/v2\/comments?post=3983"}],"version-history":[{"count":1,"href":"https:\/\/tanavatantsijad.ee\/en\/wp-json\/wp\/v2\/pages\/3983\/revisions"}],"predecessor-version":[{"id":3984,"href":"https:\/\/tanavatantsijad.ee\/en\/wp-json\/wp\/v2\/pages\/3983\/revisions\/3984"}],"wp:attachment":[{"href":"https:\/\/tanavatantsijad.ee\/en\/wp-json\/wp\/v2\/media?parent=3983"}],"curies":[{"name":"wp","href":"https:\/\/api.w.org\/{rel}","templated":true}]}}